{"id":21,"date":"2024-03-08T18:19:54","date_gmt":"2024-03-08T17:19:54","guid":{"rendered":"http:\/\/lbatelier.com\/?page_id=21"},"modified":"2026-01-21T10:43:43","modified_gmt":"2026-01-21T09:43:43","slug":"nos-realisations","status":"publish","type":"page","link":"https:\/\/lbatelier.com\/index.php\/nos-realisations\/","title":{"rendered":"R\u00e9alisations"},"content":{"rendered":"\n<div class=\"wp-block-group alignfull has-secondary-color has-foreground-background-color has-text-color has-background has-link-color wp-elements-42cb3f40c2691a587c0dc5722db63c20 is-layout-flow wp-block-group-is-layout-flow\" style=\"padding-top:var(--wp--custom--spacing--large, 8rem);padding-bottom:var(--wp--custom--spacing--large, 8rem)\">\n<div class=\"wp-block-group alignfull has-global-padding is-layout-constrained wp-block-group-is-layout-constrained\">\n<h1 class=\"wp-block-heading alignwide\" id=\"warble-a-film-about-hobbyist-bird-watchers-1\" style=\"font-size:clamp(3rem, 6vw, 4.5rem)\">Projet de cabane dans les arbres<\/h1>\n\n\n\n<div style=\"height:32px\" aria-hidden=\"true\" class=\"wp-block-spacer\"><\/div>\n\n\n\n<figure class=\"wp-block-video alignwide\"><video height=\"1440\" style=\"aspect-ratio: 2560 \/ 1440;\" width=\"2560\" controls src=\"http:\/\/lbatelier.com\/wp-content\/uploads\/2024\/03\/07-partie1__Visite-int-cabane-de-jour.mp4\"><\/video><\/figure>\n\n\n\n<div class=\"wp-block-columns alignwide is-layout-flex wp-container-core-columns-is-layout-28f84493 wp-block-columns-is-layout-flex\">\n<div class=\"wp-block-column is-layout-flow wp-block-column-is-layout-flow\">\n<p>R\u00e9alisation de cabanes dans les arbres pour un projet de cr\u00e9ation d&rsquo;un p\u00f4le de loisirs.<\/p>\n<\/div>\n<\/div>\n<\/div>\n<\/div>\n\n\n\n<h2 class=\"wp-block-heading has-text-align-center\">Apparition dans la presse :<\/h2>\n\n\n\n<figure class=\"wp-block-image aligncenter size-large is-resized\"><img fetchpriority=\"high\" decoding=\"async\" width=\"1024\" height=\"753\" src=\"https:\/\/lbatelier.com\/wp-content\/uploads\/2024\/03\/Capture-decran-280-1-1024x753.png\" alt=\"\" class=\"wp-image-107\" style=\"width:901px;height:auto\" srcset=\"https:\/\/lbatelier.com\/wp-content\/uploads\/2024\/03\/Capture-decran-280-1-1024x753.png 1024w, https:\/\/lbatelier.com\/wp-content\/uploads\/2024\/03\/Capture-decran-280-1-300x221.png 300w, https:\/\/lbatelier.com\/wp-content\/uploads\/2024\/03\/Capture-decran-280-1-768x565.png 768w, https:\/\/lbatelier.com\/wp-content\/uploads\/2024\/03\/Capture-decran-280-1.png 1336w\" sizes=\"(max-width: 1024px) 100vw, 1024px\" \/><\/figure>\n\n\n\n<h2 class=\"wp-block-heading has-text-align-center\"><em>Quelques images tir\u00e9es de nos films virtuels<\/em><\/h2>\n\n\n\n<figure class=\"wp-block-image aligncenter size-large is-resized\"><img decoding=\"async\" width=\"1024\" height=\"576\" src=\"https:\/\/lbatelier.com\/wp-content\/uploads\/2024\/03\/T019d-1024x576.jpg\" alt=\"\" class=\"wp-image-109\" style=\"width:1034px;height:auto\" srcset=\"https:\/\/lbatelier.com\/wp-content\/uploads\/2024\/03\/T019d-1024x576.jpg 1024w, https:\/\/lbatelier.com\/wp-content\/uploads\/2024\/03\/T019d-300x169.jpg 300w, https:\/\/lbatelier.com\/wp-content\/uploads\/2024\/03\/T019d-768x432.jpg 768w, https:\/\/lbatelier.com\/wp-content\/uploads\/2024\/03\/T019d-1536x864.jpg 1536w, https:\/\/lbatelier.com\/wp-content\/uploads\/2024\/03\/T019d.jpg 1920w\" sizes=\"(max-width: 1024px) 100vw, 1024px\" \/><figcaption class=\"wp-element-caption\">Film r\u00e9alis\u00e9 pour la ville de Soissons<\/figcaption><\/figure>\n\n\n\n<figure class=\"wp-block-image aligncenter size-large is-resized\"><img decoding=\"async\" width=\"1024\" height=\"576\" src=\"https:\/\/lbatelier.com\/wp-content\/uploads\/2024\/03\/035-1024x576.jpg\" alt=\"\" class=\"wp-image-111\" style=\"width:1022px;height:auto\" srcset=\"https:\/\/lbatelier.com\/wp-content\/uploads\/2024\/03\/035-1024x576.jpg 1024w, https:\/\/lbatelier.com\/wp-content\/uploads\/2024\/03\/035-300x169.jpg 300w, https:\/\/lbatelier.com\/wp-content\/uploads\/2024\/03\/035-768x432.jpg 768w, https:\/\/lbatelier.com\/wp-content\/uploads\/2024\/03\/035-1536x864.jpg 1536w, https:\/\/lbatelier.com\/wp-content\/uploads\/2024\/03\/035.jpg 1920w\" sizes=\"(max-width: 1024px) 100vw, 1024px\" \/><\/figure>\n\n\n\n<p class=\"has-text-align-right\">Film pour Nexity Draveil (91)<\/p>\n\n\n\n<blockquote class=\"wp-block-quote is-layout-flow wp-block-quote-is-layout-flow\">\n<p>en collaboration avec Olivier Brasse, architecte<\/p>\n<\/blockquote>\n\n\n\n<figure class=\"wp-block-image aligncenter size-large is-resized\"><img loading=\"lazy\" decoding=\"async\" width=\"1024\" height=\"576\" src=\"https:\/\/lbatelier.com\/wp-content\/uploads\/2024\/03\/T015-1024x576.jpg\" alt=\"\" class=\"wp-image-112\" style=\"width:1018px;height:auto\" srcset=\"https:\/\/lbatelier.com\/wp-content\/uploads\/2024\/03\/T015-1024x576.jpg 1024w, https:\/\/lbatelier.com\/wp-content\/uploads\/2024\/03\/T015-300x169.jpg 300w, https:\/\/lbatelier.com\/wp-content\/uploads\/2024\/03\/T015-768x432.jpg 768w, https:\/\/lbatelier.com\/wp-content\/uploads\/2024\/03\/T015-1536x864.jpg 1536w, https:\/\/lbatelier.com\/wp-content\/uploads\/2024\/03\/T015.jpg 1920w\" sizes=\"(max-width: 1024px) 100vw, 1024px\" \/><\/figure>\n\n\n\n<figure class=\"wp-block-image aligncenter size-large\"><img loading=\"lazy\" decoding=\"async\" width=\"1024\" height=\"576\" src=\"https:\/\/lbatelier.com\/wp-content\/uploads\/2024\/03\/T021-1024x576.jpg\" alt=\"\" class=\"wp-image-113\" srcset=\"https:\/\/lbatelier.com\/wp-content\/uploads\/2024\/03\/T021-1024x576.jpg 1024w, https:\/\/lbatelier.com\/wp-content\/uploads\/2024\/03\/T021-300x169.jpg 300w, https:\/\/lbatelier.com\/wp-content\/uploads\/2024\/03\/T021-768x432.jpg 768w, https:\/\/lbatelier.com\/wp-content\/uploads\/2024\/03\/T021-1536x864.jpg 1536w, https:\/\/lbatelier.com\/wp-content\/uploads\/2024\/03\/T021.jpg 1920w\" sizes=\"(max-width: 1024px) 100vw, 1024px\" \/><\/figure>\n\n\n\n<figure class=\"wp-block-image aligncenter size-large\"><img loading=\"lazy\" decoding=\"async\" width=\"1024\" height=\"576\" src=\"https:\/\/lbatelier.com\/wp-content\/uploads\/2024\/03\/004-en-7680x4320-1-1024x576.jpg\" alt=\"\" class=\"wp-image-114\" srcset=\"https:\/\/lbatelier.com\/wp-content\/uploads\/2024\/03\/004-en-7680x4320-1-1024x576.jpg 1024w, https:\/\/lbatelier.com\/wp-content\/uploads\/2024\/03\/004-en-7680x4320-1-300x169.jpg 300w, https:\/\/lbatelier.com\/wp-content\/uploads\/2024\/03\/004-en-7680x4320-1-768x432.jpg 768w, https:\/\/lbatelier.com\/wp-content\/uploads\/2024\/03\/004-en-7680x4320-1-1536x864.jpg 1536w, https:\/\/lbatelier.com\/wp-content\/uploads\/2024\/03\/004-en-7680x4320-1-2048x1152.jpg 2048w\" sizes=\"(max-width: 1024px) 100vw, 1024px\" \/><\/figure>\n\n\n\n<h2 class=\"wp-block-heading has-text-align-center\"><em>Des exemples d&rsquo;images d&rsquo;int\u00e9rieurs virtuelles&#8230;<\/em><\/h2>\n\n\n\n<figure class=\"wp-block-image size-large\"><img loading=\"lazy\" decoding=\"async\" width=\"1024\" height=\"576\" src=\"https:\/\/lbatelier.com\/wp-content\/uploads\/2024\/06\/teste99-1024x576.jpg\" alt=\"\" class=\"wp-image-151\" srcset=\"https:\/\/lbatelier.com\/wp-content\/uploads\/2024\/06\/teste99-1024x576.jpg 1024w, https:\/\/lbatelier.com\/wp-content\/uploads\/2024\/06\/teste99-300x169.jpg 300w, https:\/\/lbatelier.com\/wp-content\/uploads\/2024\/06\/teste99-768x432.jpg 768w, https:\/\/lbatelier.com\/wp-content\/uploads\/2024\/06\/teste99-1536x864.jpg 1536w, https:\/\/lbatelier.com\/wp-content\/uploads\/2024\/06\/teste99-2048x1152.jpg 2048w\" sizes=\"(max-width: 1024px) 100vw, 1024px\" \/><\/figure>\n\n\n\n<figure class=\"wp-block-image size-large\"><img loading=\"lazy\" decoding=\"async\" width=\"1024\" height=\"576\" src=\"https:\/\/lbatelier.com\/wp-content\/uploads\/2024\/06\/T25-1024x576.jpg\" alt=\"\" class=\"wp-image-152\" srcset=\"https:\/\/lbatelier.com\/wp-content\/uploads\/2024\/06\/T25-1024x576.jpg 1024w, https:\/\/lbatelier.com\/wp-content\/uploads\/2024\/06\/T25-300x169.jpg 300w, https:\/\/lbatelier.com\/wp-content\/uploads\/2024\/06\/T25-768x432.jpg 768w, https:\/\/lbatelier.com\/wp-content\/uploads\/2024\/06\/T25-1536x864.jpg 1536w, https:\/\/lbatelier.com\/wp-content\/uploads\/2024\/06\/T25.jpg 1920w\" sizes=\"(max-width: 1024px) 100vw, 1024px\" \/><\/figure>\n\n\n\n<figure class=\"wp-block-image size-large\"><img loading=\"lazy\" decoding=\"async\" width=\"1024\" height=\"576\" src=\"https:\/\/lbatelier.com\/wp-content\/uploads\/2024\/06\/119-1024x576.jpg\" alt=\"\" class=\"wp-image-150\" srcset=\"https:\/\/lbatelier.com\/wp-content\/uploads\/2024\/06\/119-1024x576.jpg 1024w, https:\/\/lbatelier.com\/wp-content\/uploads\/2024\/06\/119-300x169.jpg 300w, https:\/\/lbatelier.com\/wp-content\/uploads\/2024\/06\/119-768x432.jpg 768w, https:\/\/lbatelier.com\/wp-content\/uploads\/2024\/06\/119-1536x864.jpg 1536w, https:\/\/lbatelier.com\/wp-content\/uploads\/2024\/06\/119.jpg 1920w\" sizes=\"(max-width: 1024px) 100vw, 1024px\" \/><\/figure>\n\n\n\n<figure class=\"wp-block-image size-large\"><img loading=\"lazy\" decoding=\"async\" width=\"1024\" height=\"576\" src=\"https:\/\/lbatelier.com\/wp-content\/uploads\/2024\/06\/001-avec-ombre-1024x576.jpg\" alt=\"\" class=\"wp-image-156\" srcset=\"https:\/\/lbatelier.com\/wp-content\/uploads\/2024\/06\/001-avec-ombre-1024x576.jpg 1024w, https:\/\/lbatelier.com\/wp-content\/uploads\/2024\/06\/001-avec-ombre-300x169.jpg 300w, https:\/\/lbatelier.com\/wp-content\/uploads\/2024\/06\/001-avec-ombre-768x432.jpg 768w, https:\/\/lbatelier.com\/wp-content\/uploads\/2024\/06\/001-avec-ombre-1536x864.jpg 1536w, https:\/\/lbatelier.com\/wp-content\/uploads\/2024\/06\/001-avec-ombre.jpg 1920w\" sizes=\"(max-width: 1024px) 100vw, 1024px\" \/><\/figure>\n\n\n\n<div class=\"wp-block-superb-addons-cover-image\"><div class=\"superbaddons-coverimage-block\" style=\"border-radius:0%;min-height:400px;background-image:url(https:\/\/lbatelier.com\/wp-content\/uploads\/2026\/01\/IMG_5988-scaled.jpg);background-position:50% 50%;background-size:cover;background-repeat:no-repeat\"><\/div><\/div>\n\n\n\n<p>R\u00e9alisation d&rsquo;un bar sur mesure destin\u00e9e \u00e0 une salle des f\u00eates et de son grand plafond hors du commun (2025)<\/p>\n\n\n\n<div class=\"wp-block-superb-addons-cover-image\"><div class=\"superbaddons-coverimage-block\" style=\"border-radius:0%;min-height:400px;background-image:url(https:\/\/lbatelier.com\/wp-content\/uploads\/2026\/01\/20251002_131640135_iOS-scaled.jpg);background-position:50% 50%;background-size:cover;background-repeat:no-repeat\"><\/div><\/div>\n\n\n\n<div class=\"wp-block-columns is-layout-flex wp-container-core-columns-is-layout-28f84493 wp-block-columns-is-layout-flex\">\n<div class=\"wp-block-column is-layout-flow wp-block-column-is-layout-flow\">\n<figure class=\"wp-block-image size-large\"><img loading=\"lazy\" decoding=\"async\" width=\"768\" height=\"1024\" src=\"https:\/\/lbatelier.com\/wp-content\/uploads\/2026\/01\/20251120_150208537_iOS-1-768x1024.jpg\" alt=\"\" class=\"wp-image-166\" srcset=\"https:\/\/lbatelier.com\/wp-content\/uploads\/2026\/01\/20251120_150208537_iOS-1-768x1024.jpg 768w, https:\/\/lbatelier.com\/wp-content\/uploads\/2026\/01\/20251120_150208537_iOS-1-225x300.jpg 225w, https:\/\/lbatelier.com\/wp-content\/uploads\/2026\/01\/20251120_150208537_iOS-1-1152x1536.jpg 1152w, https:\/\/lbatelier.com\/wp-content\/uploads\/2026\/01\/20251120_150208537_iOS-1-1536x2048.jpg 1536w, https:\/\/lbatelier.com\/wp-content\/uploads\/2026\/01\/20251120_150208537_iOS-1-scaled.jpg 1920w\" sizes=\"(max-width: 768px) 100vw, 768px\" \/><\/figure>\n<\/div>\n\n\n\n<div class=\"wp-block-column is-layout-flow wp-block-column-is-layout-flow\">\n<figure class=\"wp-block-image size-large\"><img loading=\"lazy\" decoding=\"async\" width=\"768\" height=\"1024\" src=\"https:\/\/lbatelier.com\/wp-content\/uploads\/2026\/01\/IMG_6107-768x1024.jpg\" alt=\"\" class=\"wp-image-169\" srcset=\"https:\/\/lbatelier.com\/wp-content\/uploads\/2026\/01\/IMG_6107-768x1024.jpg 768w, https:\/\/lbatelier.com\/wp-content\/uploads\/2026\/01\/IMG_6107-225x300.jpg 225w, https:\/\/lbatelier.com\/wp-content\/uploads\/2026\/01\/IMG_6107-1152x1536.jpg 1152w, https:\/\/lbatelier.com\/wp-content\/uploads\/2026\/01\/IMG_6107-1536x2048.jpg 1536w, https:\/\/lbatelier.com\/wp-content\/uploads\/2026\/01\/IMG_6107-scaled.jpg 1920w\" sizes=\"(max-width: 768px) 100vw, 768px\" \/><\/figure>\n<\/div>\n<\/div>\n\n\n\n<figure class=\"wp-block-image size-full\"><img loading=\"lazy\" decoding=\"async\" width=\"2560\" height=\"1920\" src=\"https:\/\/lbatelier.com\/wp-content\/uploads\/2026\/01\/20251120_150319167_iOS-scaled.jpg\" alt=\"\" class=\"wp-image-170\" srcset=\"https:\/\/lbatelier.com\/wp-content\/uploads\/2026\/01\/20251120_150319167_iOS-scaled.jpg 2560w, https:\/\/lbatelier.com\/wp-content\/uploads\/2026\/01\/20251120_150319167_iOS-300x225.jpg 300w, https:\/\/lbatelier.com\/wp-content\/uploads\/2026\/01\/20251120_150319167_iOS-1024x768.jpg 1024w, https:\/\/lbatelier.com\/wp-content\/uploads\/2026\/01\/20251120_150319167_iOS-768x576.jpg 768w, https:\/\/lbatelier.com\/wp-content\/uploads\/2026\/01\/20251120_150319167_iOS-1536x1152.jpg 1536w, https:\/\/lbatelier.com\/wp-content\/uploads\/2026\/01\/20251120_150319167_iOS-2048x1536.jpg 2048w\" sizes=\"(max-width: 2560px) 100vw, 2560px\" \/><\/figure>\n\n\n\n<div class=\"wp-block-columns is-layout-flex wp-container-core-columns-is-layout-28f84493 wp-block-columns-is-layout-flex\">\n<div class=\"wp-block-column is-layout-flow wp-block-column-is-layout-flow\">\n<figure class=\"wp-block-image size-large\"><img loading=\"lazy\" decoding=\"async\" width=\"1024\" height=\"768\" src=\"https:\/\/lbatelier.com\/wp-content\/uploads\/2026\/01\/20250123_142837273_iOS-1024x768.jpg\" alt=\"\" class=\"wp-image-171\" srcset=\"https:\/\/lbatelier.com\/wp-content\/uploads\/2026\/01\/20250123_142837273_iOS-1024x768.jpg 1024w, https:\/\/lbatelier.com\/wp-content\/uploads\/2026\/01\/20250123_142837273_iOS-300x225.jpg 300w, https:\/\/lbatelier.com\/wp-content\/uploads\/2026\/01\/20250123_142837273_iOS-768x576.jpg 768w, https:\/\/lbatelier.com\/wp-content\/uploads\/2026\/01\/20250123_142837273_iOS-1536x1152.jpg 1536w, https:\/\/lbatelier.com\/wp-content\/uploads\/2026\/01\/20250123_142837273_iOS-2048x1536.jpg 2048w\" sizes=\"(max-width: 1024px) 100vw, 1024px\" \/><\/figure>\n<\/div>\n\n\n\n<div class=\"wp-block-column is-layout-flow wp-block-column-is-layout-flow\">\n<figure class=\"wp-block-image size-large\"><img loading=\"lazy\" decoding=\"async\" width=\"1024\" height=\"768\" src=\"https:\/\/lbatelier.com\/wp-content\/uploads\/2026\/01\/20250626_142216675_iOS-1024x768.jpg\" alt=\"\" class=\"wp-image-172\" srcset=\"https:\/\/lbatelier.com\/wp-content\/uploads\/2026\/01\/20250626_142216675_iOS-1024x768.jpg 1024w, https:\/\/lbatelier.com\/wp-content\/uploads\/2026\/01\/20250626_142216675_iOS-300x225.jpg 300w, https:\/\/lbatelier.com\/wp-content\/uploads\/2026\/01\/20250626_142216675_iOS-768x576.jpg 768w, https:\/\/lbatelier.com\/wp-content\/uploads\/2026\/01\/20250626_142216675_iOS-1536x1152.jpg 1536w, https:\/\/lbatelier.com\/wp-content\/uploads\/2026\/01\/20250626_142216675_iOS-2048x1536.jpg 2048w\" sizes=\"(max-width: 1024px) 100vw, 1024px\" \/><\/figure>\n<\/div>\n<\/div>\n\n\n\n<p><\/p>\n","protected":false},"excerpt":{"rendered":"<p>Projet de cabane dans les arbres R\u00e9alisation de cabanes dans les arbres pour un projet de cr\u00e9ation d&rsquo;un p\u00f4le de loisirs. Apparition dans la presse : Quelques images tir\u00e9es de nos films virtuels Film pour Nexity Draveil (91) en collaboration avec Olivier Brasse, architecte Des exemples d&rsquo;images d&rsquo;int\u00e9rieurs virtuelles&#8230; R\u00e9alisation d&rsquo;un bar sur mesure destin\u00e9e [&hellip;]<\/p>\n","protected":false},"author":1,"featured_media":0,"parent":0,"menu_order":2,"comment_status":"closed","ping_status":"closed","template":"","meta":{"footnotes":""},"class_list":["post-21","page","type-page","status-publish","hentry"],"yoast_head":"<!-- This site is optimized with the Yoast SEO plugin v22.3 - https:\/\/yoast.com\/wordpress\/plugins\/seo\/ -->\n<title>R\u00e9alisations - LBAtelier<\/title>\n<meta name=\"robots\" content=\"index, follow, max-snippet:-1, max-image-preview:large, max-video-preview:-1\" \/>\n<link rel=\"canonical\" href=\"https:\/\/lbatelier.com\/index.php\/nos-realisations\/\" \/>\n<meta property=\"og:locale\" content=\"fr_FR\" \/>\n<meta property=\"og:type\" content=\"article\" \/>\n<meta property=\"og:title\" content=\"R\u00e9alisations - LBAtelier\" \/>\n<meta property=\"og:description\" content=\"Projet de cabane dans les arbres R\u00e9alisation de cabanes dans les arbres pour un projet de cr\u00e9ation d&rsquo;un p\u00f4le de loisirs. Apparition dans la presse : Quelques images tir\u00e9es de nos films virtuels Film pour Nexity Draveil (91) en collaboration avec Olivier Brasse, architecte Des exemples d&rsquo;images d&rsquo;int\u00e9rieurs virtuelles&#8230; R\u00e9alisation d&rsquo;un bar sur mesure destin\u00e9e [&hellip;]\" \/>\n<meta property=\"og:url\" content=\"https:\/\/lbatelier.com\/index.php\/nos-realisations\/\" \/>\n<meta property=\"og:site_name\" content=\"LBAtelier\" \/>\n<meta property=\"article:modified_time\" content=\"2026-01-21T09:43:43+00:00\" \/>\n<meta property=\"og:image\" content=\"https:\/\/lbatelier.com\/wp-content\/uploads\/2024\/03\/Capture-decran-280-1-1024x753.png\" \/>\n<meta name=\"twitter:card\" content=\"summary_large_image\" \/>\n<meta name=\"twitter:label1\" content=\"Dur\u00e9e de lecture estim\u00e9e\" \/>\n\t<meta name=\"twitter:data1\" content=\"4 minutes\" \/>\n<script type=\"application\/ld+json\" class=\"yoast-schema-graph\">{\"@context\":\"https:\/\/schema.org\",\"@graph\":[{\"@type\":\"WebPage\",\"@id\":\"https:\/\/lbatelier.com\/index.php\/nos-realisations\/\",\"url\":\"https:\/\/lbatelier.com\/index.php\/nos-realisations\/\",\"name\":\"R\u00e9alisations - LBAtelier\",\"isPartOf\":{\"@id\":\"https:\/\/lbatelier.com\/#website\"},\"primaryImageOfPage\":{\"@id\":\"https:\/\/lbatelier.com\/index.php\/nos-realisations\/#primaryimage\"},\"image\":{\"@id\":\"https:\/\/lbatelier.com\/index.php\/nos-realisations\/#primaryimage\"},\"thumbnailUrl\":\"https:\/\/lbatelier.com\/wp-content\/uploads\/2024\/03\/Capture-decran-280-1-1024x753.png\",\"datePublished\":\"2024-03-08T17:19:54+00:00\",\"dateModified\":\"2026-01-21T09:43:43+00:00\",\"breadcrumb\":{\"@id\":\"https:\/\/lbatelier.com\/index.php\/nos-realisations\/#breadcrumb\"},\"inLanguage\":\"fr-FR\",\"potentialAction\":[{\"@type\":\"ReadAction\",\"target\":[\"https:\/\/lbatelier.com\/index.php\/nos-realisations\/\"]}]},{\"@type\":\"ImageObject\",\"inLanguage\":\"fr-FR\",\"@id\":\"https:\/\/lbatelier.com\/index.php\/nos-realisations\/#primaryimage\",\"url\":\"https:\/\/lbatelier.com\/wp-content\/uploads\/2024\/03\/Capture-decran-280-1.png\",\"contentUrl\":\"https:\/\/lbatelier.com\/wp-content\/uploads\/2024\/03\/Capture-decran-280-1.png\",\"width\":1336,\"height\":982},{\"@type\":\"BreadcrumbList\",\"@id\":\"https:\/\/lbatelier.com\/index.php\/nos-realisations\/#breadcrumb\",\"itemListElement\":[{\"@type\":\"ListItem\",\"position\":1,\"name\":\"Accueil\",\"item\":\"https:\/\/lbatelier.com\/\"},{\"@type\":\"ListItem\",\"position\":2,\"name\":\"R\u00e9alisations\"}]},{\"@type\":\"WebSite\",\"@id\":\"https:\/\/lbatelier.com\/#website\",\"url\":\"https:\/\/lbatelier.com\/\",\"name\":\"LBAtelier\",\"description\":\"Architecte d&#039;int\u00e9rieur, R\u00e9alisatrice multim\u00e9dia\",\"potentialAction\":[{\"@type\":\"SearchAction\",\"target\":{\"@type\":\"EntryPoint\",\"urlTemplate\":\"https:\/\/lbatelier.com\/?s={search_term_string}\"},\"query-input\":\"required name=search_term_string\"}],\"inLanguage\":\"fr-FR\"}]}<\/script>\n<!-- \/ Yoast SEO plugin. -->","yoast_head_json":{"title":"R\u00e9alisations - LBAtelier","robots":{"index":"index","follow":"follow","max-snippet":"max-snippet:-1","max-image-preview":"max-image-preview:large","max-video-preview":"max-video-preview:-1"},"canonical":"https:\/\/lbatelier.com\/index.php\/nos-realisations\/","og_locale":"fr_FR","og_type":"article","og_title":"R\u00e9alisations - LBAtelier","og_description":"Projet de cabane dans les arbres R\u00e9alisation de cabanes dans les arbres pour un projet de cr\u00e9ation d&rsquo;un p\u00f4le de loisirs. Apparition dans la presse : Quelques images tir\u00e9es de nos films virtuels Film pour Nexity Draveil (91) en collaboration avec Olivier Brasse, architecte Des exemples d&rsquo;images d&rsquo;int\u00e9rieurs virtuelles&#8230; R\u00e9alisation d&rsquo;un bar sur mesure destin\u00e9e [&hellip;]","og_url":"https:\/\/lbatelier.com\/index.php\/nos-realisations\/","og_site_name":"LBAtelier","article_modified_time":"2026-01-21T09:43:43+00:00","og_image":[{"url":"https:\/\/lbatelier.com\/wp-content\/uploads\/2024\/03\/Capture-decran-280-1-1024x753.png"}],"twitter_card":"summary_large_image","twitter_misc":{"Dur\u00e9e de lecture estim\u00e9e":"4 minutes"},"schema":{"@context":"https:\/\/schema.org","@graph":[{"@type":"WebPage","@id":"https:\/\/lbatelier.com\/index.php\/nos-realisations\/","url":"https:\/\/lbatelier.com\/index.php\/nos-realisations\/","name":"R\u00e9alisations - LBAtelier","isPartOf":{"@id":"https:\/\/lbatelier.com\/#website"},"primaryImageOfPage":{"@id":"https:\/\/lbatelier.com\/index.php\/nos-realisations\/#primaryimage"},"image":{"@id":"https:\/\/lbatelier.com\/index.php\/nos-realisations\/#primaryimage"},"thumbnailUrl":"https:\/\/lbatelier.com\/wp-content\/uploads\/2024\/03\/Capture-decran-280-1-1024x753.png","datePublished":"2024-03-08T17:19:54+00:00","dateModified":"2026-01-21T09:43:43+00:00","breadcrumb":{"@id":"https:\/\/lbatelier.com\/index.php\/nos-realisations\/#breadcrumb"},"inLanguage":"fr-FR","potentialAction":[{"@type":"ReadAction","target":["https:\/\/lbatelier.com\/index.php\/nos-realisations\/"]}]},{"@type":"ImageObject","inLanguage":"fr-FR","@id":"https:\/\/lbatelier.com\/index.php\/nos-realisations\/#primaryimage","url":"https:\/\/lbatelier.com\/wp-content\/uploads\/2024\/03\/Capture-decran-280-1.png","contentUrl":"https:\/\/lbatelier.com\/wp-content\/uploads\/2024\/03\/Capture-decran-280-1.png","width":1336,"height":982},{"@type":"BreadcrumbList","@id":"https:\/\/lbatelier.com\/index.php\/nos-realisations\/#breadcrumb","itemListElement":[{"@type":"ListItem","position":1,"name":"Accueil","item":"https:\/\/lbatelier.com\/"},{"@type":"ListItem","position":2,"name":"R\u00e9alisations"}]},{"@type":"WebSite","@id":"https:\/\/lbatelier.com\/#website","url":"https:\/\/lbatelier.com\/","name":"LBAtelier","description":"Architecte d&#039;int\u00e9rieur, R\u00e9alisatrice multim\u00e9dia","potentialAction":[{"@type":"SearchAction","target":{"@type":"EntryPoint","urlTemplate":"https:\/\/lbatelier.com\/?s={search_term_string}"},"query-input":"required name=search_term_string"}],"inLanguage":"fr-FR"}]}},"_links":{"self":[{"href":"https:\/\/lbatelier.com\/index.php\/wp-json\/wp\/v2\/pages\/21","targetHints":{"allow":["GET"]}}],"collection":[{"href":"https:\/\/lbatelier.com\/index.php\/wp-json\/wp\/v2\/pages"}],"about":[{"href":"https:\/\/lbatelier.com\/index.php\/wp-json\/wp\/v2\/types\/page"}],"author":[{"embeddable":true,"href":"https:\/\/lbatelier.com\/index.php\/wp-json\/wp\/v2\/users\/1"}],"replies":[{"embeddable":true,"href":"https:\/\/lbatelier.com\/index.php\/wp-json\/wp\/v2\/comments?post=21"}],"version-history":[{"count":13,"href":"https:\/\/lbatelier.com\/index.php\/wp-json\/wp\/v2\/pages\/21\/revisions"}],"predecessor-version":[{"id":175,"href":"https:\/\/lbatelier.com\/index.php\/wp-json\/wp\/v2\/pages\/21\/revisions\/175"}],"wp:attachment":[{"href":"https:\/\/lbatelier.com\/index.php\/wp-json\/wp\/v2\/media?parent=21"}],"curies":[{"name":"wp","href":"https:\/\/api.w.org\/{rel}","templated":true}]}}